{"id":52,"date":"2018-01-10T15:09:40","date_gmt":"2018-01-10T14:09:40","guid":{"rendered":"http:\/\/safundacio.es\/?page_id=52"},"modified":"2018-02-26T15:33:25","modified_gmt":"2018-02-26T14:33:25","slug":"comunicacio","status":"publish","type":"page","link":"https:\/\/safundacio.es\/es\/comunicacio\/","title":{"rendered":"Comunicaci\u00f3"},"content":{"rendered":"<p>[vc_row full_width=&#8221;stretch_row_content_no_spaces&#8221; equal_height=&#8221;yes&#8221; el_class=&#8221;rower&#8221;][vc_column width=&#8221;1\/2&#8243; el_class=&#8221;backg-noticies&#8221;][vc_single_image image=&#8221;1191&#8243; img_size=&#8221;full&#8221; alignment=&#8221;center&#8221; el_class=&#8221;hidden&#8221;][\/vc_column][vc_column width=&#8221;1\/2&#8243;][vc_row_inner][vc_column_inner width=&#8221;1\/4&#8243;][\/vc_column_inner][vc_column_inner el_class=&#8221;tabulae&#8221; width=&#8221;1\/4&#8243;][vc_single_image image=&#8221;1213&#8243; img_size=&#8221;full&#8221; css=&#8221;.vc_custom_1517841927908{margin-bottom: 20px !important;}&#8221;][vc_column_text]<\/p>\n<h2><span style=\"font-size: 24pt; color: #683817;\">Not\u00edcies<\/span><\/h2>\n<p>Si vols manternir-te informat, consulta sa nostra secci\u00f3 de not\u00edcies.[\/vc_column_text][vc_btn title=&#8221;Accedir&#8221; style=&#8221;flat&#8221; shape=&#8221;round&#8221; size=&#8221;sm&#8221; css=&#8221;.vc_custom_1517940388202{margin-top: 20px !important;}&#8221; el_class=&#8221;boton-marron&#8221; link=&#8221;url:http%3A%2F%2Fsafundacio.es%2Fcomunicacio%2Fnoticies%2F|||&#8221;][\/vc_column_inner][vc_column_inner el_class=&#8221;quitar&#8221; width=&#8221;1\/4&#8243;][\/vc_column_inner][vc_column_inner el_class=&#8221;quitar&#8221; width=&#8221;1\/4&#8243;][\/vc_column_inner][\/vc_row_inner][\/vc_column][\/vc_row][vc_row full_width=&#8221;stretch_row_content_no_spaces&#8221; equal_height=&#8221;yes&#8221; el_class=&#8221;rower&#8221; css=&#8221;.vc_custom_1519654673282{margin-bottom: 30px !important;}&#8221;][vc_column width=&#8221;1\/2&#8243;][vc_row_inner el_class=&#8221;flexer&#8221;][vc_column_inner el_class=&#8221;quitar&#8221; width=&#8221;1\/4&#8243;][\/vc_column_inner][vc_column_inner el_class=&#8221;quitar&#8221; width=&#8221;1\/4&#8243;][\/vc_column_inner][vc_column_inner el_class=&#8221;tabulae&#8221; width=&#8221;1\/4&#8243;][vc_single_image image=&#8221;1216&#8243; img_size=&#8221;full&#8221;][vc_column_text]<\/p>\n<h2><span style=\"font-size: 24pt; color: #683817;\">Comunicats de premsa<\/span><\/h2>\n<p class=\"p1\">Per m\u00e9s informaci\u00f3 et facilitam un recull des nostros comunicats de premsa.<\/p>\n<p>[\/vc_column_text][vc_btn title=&#8221;Accedir&#8221; style=&#8221;flat&#8221; shape=&#8221;round&#8221; size=&#8221;sm&#8221; el_class=&#8221;boton-marron&#8221; css=&#8221;.vc_custom_1517940289983{margin-top: 20px !important;}&#8221; link=&#8221;url:http%3A%2F%2Fsafundacio.es%2Fcomunicacio%2Fcomunicats%2F|||&#8221;][\/vc_column_inner][vc_column_inner width=&#8221;1\/4&#8243;][\/vc_column_inner][\/vc_row_inner][\/vc_column][vc_column width=&#8221;1\/2&#8243; el_class=&#8221;backg-comunicats&#8221;][vc_single_image image=&#8221;1195&#8243; img_size=&#8221;full&#8221; alignment=&#8221;center&#8221; el_class=&#8221;hidden&#8221;][\/vc_column][\/vc_row][vc_row full_width=&#8221;stretch_row_content_no_spaces&#8221; equal_height=&#8221;yes&#8221;][vc_column width=&#8221;1\/2&#8243; el_class=&#8221;backg-multimedia&#8221;][vc_single_image image=&#8221;1198&#8243; img_size=&#8221;full&#8221; alignment=&#8221;center&#8221; el_class=&#8221;hidden&#8221;][\/vc_column][vc_column width=&#8221;1\/2&#8243;][vc_row_inner][vc_column_inner width=&#8221;1\/4&#8243;][\/vc_column_inner][vc_column_inner el_class=&#8221;tabulae&#8221; width=&#8221;1\/4&#8243;][vc_single_image image=&#8221;1218&#8243; img_size=&#8221;full&#8221;][vc_column_text]<\/p>\n<h2><span style=\"font-size: 24pt; color: #683817;\">Multim\u00e8dia<\/span><\/h2>\n<p class=\"p1\">Pega-li una ullada a sa nostra galeria de fotos i v\u00eddeos dets actes de Sa Fundaci\u00f3.<\/p>\n<p>[\/vc_column_text][vc_btn title=&#8221;Accedir&#8221; style=&#8221;flat&#8221; shape=&#8221;round&#8221; size=&#8221;sm&#8221; css=&#8221;.vc_custom_1517940309294{margin-top: 20px !important;}&#8221; el_class=&#8221;boton-marron&#8221; link=&#8221;url:http%3A%2F%2Fsafundacio.es%2Fcomunicacio%2Fmultimedia%2F|||&#8221;][\/vc_column_inner][vc_column_inner width=&#8221;1\/4&#8243;][\/vc_column_inner][vc_column_inner width=&#8221;1\/4&#8243;][\/vc_column_inner][\/vc_row_inner][\/vc_column][\/vc_row]<\/p>\n","protected":false},"excerpt":{"rendered":"<p>[vc_row full_width=&#8221;stretch_row_content_no_spaces&#8221; equal_height=&#8221;yes&#8221; el_class=&#8221;rower&#8221;][vc_column width=&#8221;1\/2&#8243; el_class=&#8221;backg-noticies&#8221;][vc_single_image image=&#8221;1191&#8243; img_size=&#8221;full&#8221; alignment=&#8221;center&#8221; el_class=&#8221;hidden&#8221;][\/vc_column][vc_column width=&#8221;1\/2&#8243;][vc_row_inner][vc_column_inner width=&#8221;1\/4&#8243;][\/vc_column_inner][vc_column_inner el_class=&#8221;tabulae&#8221; width=&#8221;1\/4&#8243;][vc_single_image image=&#8221;1213&#8243; img_size=&#8221;full&#8221; css=&#8221;.vc_custom_1517841927908{margin-bottom: 20px !important;}&#8221;][vc_column_text] Not\u00edcies Si vols manternir-te informat, consulta sa nostra secci\u00f3 de not\u00edcies.[\/vc_column_text][vc_btn title=&#8221;Accedir&#8221; style=&#8221;flat&#8221; shape=&#8221;round&#8221; size=&#8221;sm&#8221; css=&#8221;.vc_custom_1517940388202{margin-top: 20px !important;}&#8221; el_class=&#8221;boton-marron&#8221; link=&#8221;url:http%3A%2F%2Fsafundacio.es%2Fcomunicacio%2Fnoticies%2F|||&#8221;][\/vc_column_inner][vc_column_inner el_class=&#8221;quitar&#8221; width=&#8221;1\/4&#8243;][\/vc_column_inner][vc_column_inner el_class=&#8221;quitar&#8221; width=&#8221;1\/4&#8243;][\/vc_column_inner][\/vc_row_inner][\/vc_column][\/vc_row][vc_row full_width=&#8221;stretch_row_content_no_spaces&#8221; equal_height=&#8221;yes&#8221; el_class=&#8221;rower&#8221; css=&#8221;.vc_custom_1519654673282{margin-bottom: 30px !important;}&#8221;][vc_column width=&#8221;1\/2&#8243;][vc_row_inner el_class=&#8221;flexer&#8221;][vc_column_inner el_class=&#8221;quitar&#8221; width=&#8221;1\/4&#8243;][\/vc_column_inner][vc_column_inner el_class=&#8221;quitar&#8221; width=&#8221;1\/4&#8243;][\/vc_column_inner][vc_column_inner &hellip; <\/p>\n<p class=\"link-more\"><a href=\"https:\/\/safundacio.es\/es\/comunicacio\/\" class=\"more-link\">Continue reading<span class=\"screen-reader-text\"> &#8220;Comunicaci\u00f3&#8221;<\/span><\/a><\/p>\n","protected":false},"author":1,"featured_media":0,"parent":0,"menu_order":0,"comment_status":"closed","ping_status":"closed","template":"","meta":{"footnotes":""},"class_list":["post-52","page","type-page","status-publish","hentry"],"_links":{"self":[{"href":"https:\/\/safundacio.es\/es\/wp-json\/wp\/v2\/pages\/52"}],"collection":[{"href":"https:\/\/safundacio.es\/es\/wp-json\/wp\/v2\/pages"}],"about":[{"href":"https:\/\/safundacio.es\/es\/wp-json\/wp\/v2\/types\/page"}],"author":[{"embeddable":true,"href":"https:\/\/safundacio.es\/es\/wp-json\/wp\/v2\/users\/1"}],"replies":[{"embeddable":true,"href":"https:\/\/safundacio.es\/es\/wp-json\/wp\/v2\/comments?post=52"}],"version-history":[{"count":0,"href":"https:\/\/safundacio.es\/es\/wp-json\/wp\/v2\/pages\/52\/revisions"}],"wp:attachment":[{"href":"https:\/\/safundacio.es\/es\/wp-json\/wp\/v2\/media?parent=52"}],"curies":[{"name":"wp","href":"https:\/\/api.w.org\/{rel}","templated":true}]}}