{"id":50,"date":"2018-01-10T15:09:27","date_gmt":"2018-01-10T14:09:27","guid":{"rendered":"http:\/\/safundacio.es\/?page_id=50"},"modified":"2018-04-03T12:17:29","modified_gmt":"2018-04-03T10:17:29","slug":"documents","status":"publish","type":"page","link":"https:\/\/safundacio.es\/es\/documents\/","title":{"rendered":"Documents"},"content":{"rendered":"<p>[vc_row full_width=&#8221;stretch_row_content_no_spaces&#8221; equal_height=&#8221;yes&#8221; el_class=&#8221;rower&#8221;][vc_column width=&#8221;1\/2&#8243; el_class=&#8221;backg-filologia&#8221;][vc_single_image image=&#8221;1260&#8243; img_size=&#8221;full&#8221; alignment=&#8221;center&#8221; el_class=&#8221;hidden&#8221;][\/vc_column][vc_column width=&#8221;1\/2&#8243; el_class=&#8221;wrapper-2&#8243;][vc_row_inner][vc_column_inner width=&#8221;1\/4&#8243;][\/vc_column_inner][vc_column_inner el_class=&#8221;tabulae&#8221; width=&#8221;1\/4&#8243;][vc_single_image image=&#8221;496&#8243; css=&#8221;.vc_custom_1518172981689{margin-bottom: 25px !important;}&#8221;][vc_column_text el_class=&#8221;texto-docsa&#8221;]<\/p>\n<h2><span style=\"font-size: 24pt; color: #683817;\">Articles d&#8217;Opini\u00f3<\/span><\/h2>\n<p>Aqu\u00ed trobar\u00e0s tot tipo d&#8217;articles d&#8217;opini\u00f3 relacionats amb s&#8217;\u00e0mbit de sa llengua de ses Balears.[\/vc_column_text][vc_btn title=&#8221;Accedir&#8221; style=&#8221;flat&#8221; shape=&#8221;round&#8221; size=&#8221;sm&#8221; align=&#8221;left&#8221; link=&#8221;url:http%3A%2F%2Fsafundacio.es%2Fdocuments%2Farticles-opinio%2F|||&#8221; css=&#8221;.vc_custom_1522750596694{margin-top: 20px !important;}&#8221; el_class=&#8221;boton-marron&#8221;][\/vc_column_inner][vc_column_inner el_class=&#8221;quitar&#8221; width=&#8221;1\/4&#8243;][\/vc_column_inner][vc_column_inner el_class=&#8221;quitar&#8221; width=&#8221;1\/4&#8243;][\/vc_column_inner][\/vc_row_inner][\/vc_column][\/vc_row][vc_row full_width=&#8221;stretch_row_content_no_spaces&#8221; equal_height=&#8221;yes&#8221; el_class=&#8221;rower&#8221;][vc_column width=&#8221;1\/2&#8243;][vc_row_inner][vc_column_inner el_class=&#8221;quitar&#8221; width=&#8221;1\/4&#8243;][\/vc_column_inner][vc_column_inner el_class=&#8221;quitar&#8221; width=&#8221;1\/4&#8243;][\/vc_column_inner][vc_column_inner el_class=&#8221;tabulae&#8221; width=&#8221;1\/4&#8243;][vc_single_image image=&#8221;498&#8243; css=&#8221;.vc_custom_1518173780702{margin-bottom: 25px !important;}&#8221;][vc_column_text el_class=&#8221;texto-docsa&#8221;]<\/p>\n<h2><span style=\"font-size: 24pt; color: #683817;\">Altres Documents<\/span><\/h2>\n<p style=\"text-align: left;\">Aqu\u00ed trobar\u00e0s tot tipo de documents relacionats amb s&#8217;\u00e0mbit hist\u00f2ric i cultural de ses Balears.<\/p>\n<p>[\/vc_column_text][vc_btn title=&#8221;Accedir&#8221; style=&#8221;flat&#8221; shape=&#8221;round&#8221; size=&#8221;sm&#8221; align=&#8221;left&#8221; link=&#8221;url:http%3A%2F%2Fsafundacio.es%2Fdocuments%2Faltres-documents%2F|||&#8221; css=&#8221;.vc_custom_1522750647589{margin-top: 20px !important;}&#8221; el_class=&#8221;boton-marron&#8221;][\/vc_column_inner][vc_column_inner width=&#8221;1\/4&#8243;][\/vc_column_inner][\/vc_row_inner][\/vc_column][vc_column width=&#8221;1\/2&#8243; el_class=&#8221;backg-historia&#8221;][vc_single_image image=&#8221;1263&#8243; img_size=&#8221;full&#8221; alignment=&#8221;center&#8221; el_class=&#8221;hidden&#8221;][\/vc_column][\/vc_row]<\/p>\n","protected":false},"excerpt":{"rendered":"<p>[vc_row full_width=&#8221;stretch_row_content_no_spaces&#8221; equal_height=&#8221;yes&#8221; el_class=&#8221;rower&#8221;][vc_column width=&#8221;1\/2&#8243; el_class=&#8221;backg-filologia&#8221;][vc_single_image image=&#8221;1260&#8243; img_size=&#8221;full&#8221; alignment=&#8221;center&#8221; el_class=&#8221;hidden&#8221;][\/vc_column][vc_column width=&#8221;1\/2&#8243; el_class=&#8221;wrapper-2&#8243;][vc_row_inner][vc_column_inner width=&#8221;1\/4&#8243;][\/vc_column_inner][vc_column_inner el_class=&#8221;tabulae&#8221; width=&#8221;1\/4&#8243;][vc_single_image image=&#8221;496&#8243; css=&#8221;.vc_custom_1518172981689{margin-bottom: 25px !important;}&#8221;][vc_column_text el_class=&#8221;texto-docsa&#8221;] Articles d&#8217;Opini\u00f3 Aqu\u00ed trobar\u00e0s tot tipo d&#8217;articles d&#8217;opini\u00f3 relacionats amb s&#8217;\u00e0mbit de sa llengua de ses Balears.[\/vc_column_text][vc_btn title=&#8221;Accedir&#8221; style=&#8221;flat&#8221; shape=&#8221;round&#8221; size=&#8221;sm&#8221; align=&#8221;left&#8221; link=&#8221;url:http%3A%2F%2Fsafundacio.es%2Fdocuments%2Farticles-opinio%2F|||&#8221; css=&#8221;.vc_custom_1522750596694{margin-top: 20px !important;}&#8221; el_class=&#8221;boton-marron&#8221;][\/vc_column_inner][vc_column_inner el_class=&#8221;quitar&#8221; width=&#8221;1\/4&#8243;][\/vc_column_inner][vc_column_inner el_class=&#8221;quitar&#8221; width=&#8221;1\/4&#8243;][\/vc_column_inner][\/vc_row_inner][\/vc_column][\/vc_row][vc_row full_width=&#8221;stretch_row_content_no_spaces&#8221; equal_height=&#8221;yes&#8221; el_class=&#8221;rower&#8221;][vc_column width=&#8221;1\/2&#8243;][vc_row_inner][vc_column_inner &hellip; <\/p>\n<p class=\"link-more\"><a href=\"https:\/\/safundacio.es\/es\/documents\/\" class=\"more-link\">Continue reading<span class=\"screen-reader-text\"> &#8220;Documents&#8221;<\/span><\/a><\/p>\n","protected":false},"author":1,"featured_media":0,"parent":0,"menu_order":0,"comment_status":"closed","ping_status":"closed","template":"","meta":{"footnotes":""},"class_list":["post-50","page","type-page","status-publish","hentry"],"_links":{"self":[{"href":"https:\/\/safundacio.es\/es\/wp-json\/wp\/v2\/pages\/50"}],"collection":[{"href":"https:\/\/safundacio.es\/es\/wp-json\/wp\/v2\/pages"}],"about":[{"href":"https:\/\/safundacio.es\/es\/wp-json\/wp\/v2\/types\/page"}],"author":[{"embeddable":true,"href":"https:\/\/safundacio.es\/es\/wp-json\/wp\/v2\/users\/1"}],"replies":[{"embeddable":true,"href":"https:\/\/safundacio.es\/es\/wp-json\/wp\/v2\/comments?post=50"}],"version-history":[{"count":0,"href":"https:\/\/safundacio.es\/es\/wp-json\/wp\/v2\/pages\/50\/revisions"}],"wp:attachment":[{"href":"https:\/\/safundacio.es\/es\/wp-json\/wp\/v2\/media?parent=50"}],"curies":[{"name":"wp","href":"https:\/\/api.w.org\/{rel}","templated":true}]}}