{"id":48,"date":"2018-01-10T15:09:17","date_gmt":"2018-01-10T14:09:17","guid":{"rendered":"http:\/\/safundacio.es\/?page_id=48"},"modified":"2021-09-29T18:25:38","modified_gmt":"2021-09-29T16:25:38","slug":"col-labora","status":"publish","type":"page","link":"https:\/\/safundacio.es\/es\/col-labora\/","title":{"rendered":"Col\u00b7labora"},"content":{"rendered":"<p>[vc_row full_width=&#8221;stretch_row_content_no_spaces&#8221; equal_height=&#8221;yes&#8221;][vc_column width=&#8221;1\/2&#8243; el_class=&#8221;backg-soci&#8221;][vc_single_image image=&#8221;1267&#8243; img_size=&#8221;full&#8221; alignment=&#8221;center&#8221; el_class=&#8221;hidden&#8221;][\/vc_column][vc_column width=&#8221;1\/2&#8243;][vc_row_inner el_class=&#8221;colaborax&#8221;][vc_column_inner width=&#8221;1\/4&#8243;][\/vc_column_inner][vc_column_inner el_class=&#8221;tabulae&#8221; width=&#8221;1\/4&#8243; css=&#8221;.vc_custom_1517903609287{margin-top: 0px !important;}&#8221;][vc_single_image image=&#8221;513&#8243;][vc_column_text]<\/p>\n<h2><span style=\"font-size: 24pt; color: #683817;\">Hazte socio\u00a0<\/span><\/h2>\n<p>Ayudanos a defender lo nuestro. Escoge la opci\u00f3n de pago que mejor se adapte a tu situaci\u00f3n.[\/vc_column_text][vc_btn title=&#8221;Acceder&#8221; style=&#8221;flat&#8221; shape=&#8221;round&#8221; size=&#8221;sm&#8221; align=&#8221;left&#8221; css=&#8221;.vc_custom_1632932669638{margin-top: 20px !important;}&#8221; el_class=&#8221;boton-marron&#8221; link=&#8221;url:http%3A%2F%2Fsafundacio.es%2Fcol-labora%2Ffer-se-soci%2F|||&#8221;][\/vc_column_inner][vc_column_inner el_class=&#8221;quitar&#8221; width=&#8221;1\/4&#8243;][\/vc_column_inner][vc_column_inner el_class=&#8221;quitar&#8221; width=&#8221;1\/4&#8243;][\/vc_column_inner][\/vc_row_inner][\/vc_column][\/vc_row][vc_row full_width=&#8221;stretch_row_content_no_spaces&#8221; equal_height=&#8221;yes&#8221;][vc_column width=&#8221;1\/2&#8243;][vc_row_inner el_class=&#8221;colaborax&#8221;][vc_column_inner el_class=&#8221;quitar&#8221; width=&#8221;1\/4&#8243;][\/vc_column_inner][vc_column_inner el_class=&#8221;quitar&#8221; width=&#8221;1\/4&#8243;][\/vc_column_inner][vc_column_inner el_class=&#8221;tabulae&#8221; width=&#8221;1\/4&#8243;][vc_single_image image=&#8221;515&#8243;][vc_column_text]<\/p>\n<h2><span style=\"font-size: 24pt; color: #683817;\">Haz un donativo\u00a0<\/span><\/h2>\n<p>Tu donaci\u00f3n nos ayudar\u00e1 a luchar por la preservaci\u00f3n del mallorqu\u00edn, menorqu\u00edn e ibicenco.[\/vc_column_text][vc_btn title=&#8221;Acceder&#8221; style=&#8221;flat&#8221; shape=&#8221;round&#8221; size=&#8221;sm&#8221; align=&#8221;left&#8221; css=&#8221;.vc_custom_1632932681109{margin-top: 20px !important;}&#8221; el_class=&#8221;boton-marron&#8221; link=&#8221;url:http%3A%2F%2Fsafundacio.es%2Fcol-labora%2Ffer-un-donatiu%2F|||&#8221;][\/vc_column_inner][vc_column_inner width=&#8221;1\/4&#8243;][\/vc_column_inner][\/vc_row_inner][\/vc_column][vc_column width=&#8221;1\/2&#8243; el_class=&#8221;backg-donatiu&#8221;][vc_single_image el_class=&#8221;hidden&#8221;][\/vc_column][\/vc_row]<\/p>","protected":false},"excerpt":{"rendered":"<p>[vc_row full_width=&#8221;stretch_row_content_no_spaces&#8221; equal_height=&#8221;yes&#8221;][vc_column width=&#8221;1\/2&#8243; el_class=&#8221;backg-soci&#8221;][vc_single_image image=&#8221;1267&#8243; img_size=&#8221;full&#8221; alignment=&#8221;center&#8221; el_class=&#8221;hidden&#8221;][\/vc_column][vc_column width=&#8221;1\/2&#8243;][vc_row_inner el_class=&#8221;colaborax&#8221;][vc_column_inner width=&#8221;1\/4&#8243;][\/vc_column_inner][vc_column_inner el_class=&#8221;tabulae&#8221; width=&#8221;1\/4&#8243; css=&#8221;.vc_custom_1517903609287{margin-top: 0px !important;}&#8221;][vc_single_image image=&#8221;513&#8243;][vc_column_text] Hazte socio\u00a0 Ayudanos a defender lo nuestro. Escoge la opci\u00f3n de pago que mejor se adapte a tu situaci\u00f3n.[\/vc_column_text][vc_btn title=&#8221;Acceder&#8221; style=&#8221;flat&#8221; shape=&#8221;round&#8221; size=&#8221;sm&#8221; align=&#8221;left&#8221; css=&#8221;.vc_custom_1632932669638{margin-top: 20px !important;}&#8221; el_class=&#8221;boton-marron&#8221; link=&#8221;url:http%3A%2F%2Fsafundacio.es%2Fcol-labora%2Ffer-se-soci%2F|||&#8221;][\/vc_column_inner][vc_column_inner el_class=&#8221;quitar&#8221; width=&#8221;1\/4&#8243;][\/vc_column_inner][vc_column_inner el_class=&#8221;quitar&#8221; width=&#8221;1\/4&#8243;][\/vc_column_inner][\/vc_row_inner][\/vc_column][\/vc_row][vc_row full_width=&#8221;stretch_row_content_no_spaces&#8221; equal_height=&#8221;yes&#8221;][vc_column width=&#8221;1\/2&#8243;][vc_row_inner el_class=&#8221;colaborax&#8221;][vc_column_inner &hellip; <\/p>\n<p class=\"link-more\"><a href=\"https:\/\/safundacio.es\/es\/col-labora\/\" class=\"more-link\">Continue reading<span class=\"screen-reader-text\"> &#8220;Col\u00b7labora&#8221;<\/span><\/a><\/p>\n","protected":false},"author":1,"featured_media":0,"parent":0,"menu_order":0,"comment_status":"closed","ping_status":"closed","template":"","meta":{"footnotes":""},"class_list":["post-48","page","type-page","status-publish","hentry"],"_links":{"self":[{"href":"https:\/\/safundacio.es\/es\/wp-json\/wp\/v2\/pages\/48"}],"collection":[{"href":"https:\/\/safundacio.es\/es\/wp-json\/wp\/v2\/pages"}],"about":[{"href":"https:\/\/safundacio.es\/es\/wp-json\/wp\/v2\/types\/page"}],"author":[{"embeddable":true,"href":"https:\/\/safundacio.es\/es\/wp-json\/wp\/v2\/users\/1"}],"replies":[{"embeddable":true,"href":"https:\/\/safundacio.es\/es\/wp-json\/wp\/v2\/comments?post=48"}],"version-history":[{"count":3,"href":"https:\/\/safundacio.es\/es\/wp-json\/wp\/v2\/pages\/48\/revisions"}],"predecessor-version":[{"id":4794,"href":"https:\/\/safundacio.es\/es\/wp-json\/wp\/v2\/pages\/48\/revisions\/4794"}],"wp:attachment":[{"href":"https:\/\/safundacio.es\/es\/wp-json\/wp\/v2\/media?parent=48"}],"curies":[{"name":"wp","href":"https:\/\/api.w.org\/{rel}","templated":true}]}}