{"id":4587,"date":"2020-10-09T16:43:52","date_gmt":"2020-10-09T14:43:52","guid":{"rendered":"https:\/\/safundacio.es\/?page_id=4587"},"modified":"2020-10-13T22:13:28","modified_gmt":"2020-10-13T20:13:28","slug":"matricula-online","status":"publish","type":"page","link":"https:\/\/safundacio.es\/es\/matricula-online\/","title":{"rendered":"Matricula online"},"content":{"rendered":"<p><div role=\"form\" class=\"wpcf7\" id=\"wpcf7-f4609-o2\" lang=\"ca\" dir=\"ltr\">\n<div class=\"screen-reader-response\"><\/div>\n<form action=\"\/es\/wp-json\/wp\/v2\/pages\/4587#wpcf7-f4609-o2\" method=\"post\" class=\"wpcf7-form\" novalidate=\"novalidate\">\n<div style=\"display: none;\">\n<input type=\"hidden\" name=\"_wpcf7\" value=\"4609\" \/>\n<input type=\"hidden\" name=\"_wpcf7_version\" value=\"5.1.4\" \/>\n<input type=\"hidden\" name=\"_wpcf7_locale\" value=\"ca\" \/>\n<input type=\"hidden\" name=\"_wpcf7_unit_tag\" value=\"wpcf7-f4609-o2\" \/>\n<input type=\"hidden\" name=\"_wpcf7_container_post\" value=\"0\" \/>\n<input type=\"hidden\" name=\"g-recaptcha-response\" value=\"\" \/>\n<\/div>\n<p><label> Nombre y apellidos (obligatorio)<br \/>\n    <span class=\"wpcf7-form-control-wrap your-name\"><input type=\"text\" name=\"your-name\" value=\"\" size=\"40\" class=\"wpcf7-form-control wpcf7-text wpcf7-validates-as-required\" aria-required=\"true\" aria-invalid=\"false\" \/><\/span> <\/label><\/p>\n<p><label> NIF<br \/>\n<span class=\"wpcf7-form-control-wrap text-56\"><input type=\"text\" name=\"text-56\" value=\"\" size=\"40\" class=\"wpcf7-form-control wpcf7-text\" id=\"nif\" aria-invalid=\"false\" \/><\/span> <\/label><\/p>\n<p><label> Tel\u00e9fono<br \/>\n <span class=\"wpcf7-form-control-wrap tel-836\"><input type=\"tel\" name=\"tel-836\" value=\"\" size=\"40\" class=\"wpcf7-form-control wpcf7-text wpcf7-tel wpcf7-validates-as-tel\" id=\"telef\" aria-invalid=\"false\" \/><\/span> <\/label><\/p>\n<p><label> Correo electr\u00f3nico (obligatorio)<br \/>\n    <span class=\"wpcf7-form-control-wrap your-email\"><input type=\"email\" name=\"your-email\" value=\"\" size=\"40\" class=\"wpcf7-form-control wpcf7-text wpcf7-email wpcf7-validates-as-required wpcf7-validates-as-email\" aria-required=\"true\" aria-invalid=\"false\" \/><\/span> <\/label><\/p>\n<p><label> Profesi\u00f3n<br \/>\n <span class=\"wpcf7-form-control-wrap prof-124\"><input type=\"text\" name=\"prof-124\" value=\"\" size=\"40\" class=\"wpcf7-form-control wpcf7-text\" id=\"profesio\" aria-invalid=\"false\" \/><\/span> <\/label><\/p>\n<p><label> Lugar de residencia<br \/>\n <span class=\"wpcf7-form-control-wrap res-125\"><input type=\"text\" name=\"res-125\" value=\"\" size=\"40\" class=\"wpcf7-form-control wpcf7-text\" id=\"residencia\" aria-invalid=\"false\" \/><\/span> <\/label><\/p>\n<p><label> Lugar de nacimiento<br \/>\n <span class=\"wpcf7-form-control-wrap naix-126\"><input type=\"text\" name=\"naix-126\" value=\"\" size=\"40\" class=\"wpcf7-form-control wpcf7-text\" id=\"naixement\" aria-invalid=\"false\" \/><\/span> <\/label><\/p>\n<p><label> Domicilio<br \/>\n <span class=\"wpcf7-form-control-wrap text-439\"><input type=\"text\" name=\"text-439\" value=\"\" size=\"40\" class=\"wpcf7-form-control wpcf7-text wpcf7-validates-as-required\" id=\"domicili\" aria-required=\"true\" aria-invalid=\"false\" \/><\/span> <\/label><\/p>\n<p>Marca el curso al que te quieres matricular:<br \/>\n<span class=\"wpcf7-form-control-wrap radio-34\"><span class=\"wpcf7-form-control wpcf7-radio\" id=\"idioma\"><span class=\"wpcf7-list-item first\"><input type=\"radio\" name=\"radio-34\" value=\"Mallorqu\u00edn\" checked=\"checked\" \/><span class=\"wpcf7-list-item-label\">Mallorqu\u00edn<\/span><\/span><span class=\"wpcf7-list-item\"><input type=\"radio\" name=\"radio-34\" value=\"Menorqu\u00edn\" \/><span class=\"wpcf7-list-item-label\">Menorqu\u00edn<\/span><\/span><span class=\"wpcf7-list-item last\"><input type=\"radio\" name=\"radio-34\" value=\"Ibicenco\" \/><span class=\"wpcf7-list-item-label\">Ibicenco<\/span><\/span><\/span><\/span><\/p>\n<p>Marca la modalidad online que te interesa:<br \/>\n<span class=\"wpcf7-form-control-wrap radio-35\"><span class=\"wpcf7-form-control wpcf7-radio\" id=\"nivell\"><span class=\"wpcf7-list-item first\"><input type=\"radio\" name=\"radio-35\" value=\"Nivel A\" checked=\"checked\" \/><span class=\"wpcf7-list-item-label\">Nivel A<\/span><\/span><span class=\"wpcf7-list-item\"><input type=\"radio\" name=\"radio-35\" value=\"Nivel B1\" \/><span class=\"wpcf7-list-item-label\">Nivel B1<\/span><\/span><span class=\"wpcf7-list-item last\"><input type=\"radio\" name=\"radio-35\" value=\"Nivel C2\" \/><span class=\"wpcf7-list-item-label\">Nivel C2<\/span><\/span><\/span><\/span><\/p>\n<p>\u00bfEres socio de Sa Fundaci\u00f3?<br \/>\n<span class=\"wpcf7-form-control-wrap radio-36\"><span class=\"wpcf7-form-control wpcf7-radio\" id=\"soci\"><span class=\"wpcf7-list-item first\"><input type=\"radio\" name=\"radio-36\" value=\"Si\" \/><span class=\"wpcf7-list-item-label\">Si<\/span><\/span><span class=\"wpcf7-list-item\"><input type=\"radio\" name=\"radio-36\" value=\"No, pero me gustar\u00eda hacerme socio y aprovechar el descuento del 45% para los cursos de Sa Fundaci\u00f3\" \/><span class=\"wpcf7-list-item-label\">No, pero me gustar\u00eda hacerme socio y aprovechar el descuento del 45% para los cursos de Sa Fundaci\u00f3<\/span><\/span><span class=\"wpcf7-list-item last\"><input type=\"radio\" name=\"radio-36\" value=\"No\" \/><span class=\"wpcf7-list-item-label\">No<\/span><\/span><\/span><\/span><\/p>\n<p><a href=\"https:\/\/safundacio.es\/es\/col-labora\/fer-se-soci\/\" target=_blank>Hazte socio<\/a><\/p>\n<p>Forma de pago<br \/>\n<span class=\"wpcf7-form-control-wrap radio-37\"><span class=\"wpcf7-form-control wpcf7-radio\" id=\"pago\"><span class=\"wpcf7-list-item first\"><input type=\"radio\" name=\"radio-37\" value=\"Transferencia\" \/><span class=\"wpcf7-list-item-label\">Transferencia<\/span><\/span><span class=\"wpcf7-list-item last\"><input type=\"radio\" name=\"radio-37\" value=\"Domiciliaci\u00f3n\" \/><span class=\"wpcf7-list-item-label\">Domiciliaci\u00f3n<\/span><\/span><\/span><\/span><br \/>\nBBVA: ES13 0182 4899 1702 0151 9501<br \/>\nBANKIA: ES71 2038 9981 9360 0085 8981<\/p>\n<p><label> Cuenta IBAN:<br \/>\n<span class=\"wpcf7-form-control-wrap text-467\"><input type=\"text\" name=\"text-467\" value=\"\" size=\"40\" class=\"wpcf7-form-control wpcf7-text\" aria-invalid=\"false\" \/><\/span><\/p>\n<p><label> \u00bfC\u00f3mo nos has conocido?<br \/>\n<span class=\"wpcf7-form-control-wrap text-499\"><input type=\"text\" name=\"text-499\" value=\"\" size=\"40\" class=\"wpcf7-form-control wpcf7-text\" aria-invalid=\"false\" \/><\/span><\/p>\n<p><span class=\"wpcf7-form-control-wrap checkbox-313\"><span class=\"wpcf7-form-control wpcf7-checkbox\" id=\"newsletter\"><span class=\"wpcf7-list-item first last\"><span class=\"wpcf7-list-item-label\">\u00bfQuieres m\u00e1s informaci\u00f3n?<\/span><input type=\"checkbox\" name=\"checkbox-313[]\" value=\"\u00bfQuieres m\u00e1s informaci\u00f3n?\" \/><\/span><\/span><\/span><\/p>\n<p><label><span class=\"wpcf7-form-control-wrap aceptar\"><span class=\"wpcf7-form-control wpcf7-acceptance\"><span class=\"wpcf7-list-item\"><input type=\"checkbox\" name=\"aceptar\" value=\"1\" aria-invalid=\"false\" \/><\/span><\/span><\/span> Acepto expresamente las <a target=\"_blank\" href=\"http:\/\/safundacio.es\/avis-legal\/#1527664030472-1ef02bc5-38e3\">condiciones de privacidad <\/a><\/p>\n<p><input type=\"submit\" value=\"Enviar\" class=\"wpcf7-form-control wpcf7-submit\" \/><\/p>\n<br \/>\n<input type='hidden' class='wpcf7-pum' value='{\"closepopup\":false,\"closedelay\":0,\"openpopup\":false,\"openpopup_id\":0}' \/><div class=\"wpcf7-response-output wpcf7-display-none\"><\/div><\/form><\/div><\/p>","protected":false},"excerpt":{"rendered":"Nombre y apellidos (obligatorio) NIF Tel\u00e9fono Correo electr\u00f3nico (obligatorio) Profesi\u00f3n Lugar de residencia Lugar de nacimiento Domicilio Marca el curso al que te quieres matricular: Mallorqu\u00ednMenorqu\u00ednIbicenco Marca la modalidad online que te interesa: Nivel ANivel B1Nivel C2 \u00bfEres socio de Sa Fundaci\u00f3? SiNo, pero me gustar\u00eda hacerme socio y aprovechar el descuento del 45% para &hellip; <p class=\"link-more\"><a href=\"https:\/\/safundacio.es\/es\/matricula-online\/\" class=\"more-link\">Continue reading<span class=\"screen-reader-text\"> \"Matricula online\"<\/span><\/a><\/p>","protected":false},"author":8,"featured_media":0,"parent":0,"menu_order":0,"comment_status":"closed","ping_status":"closed","template":"","meta":{"footnotes":""},"class_list":["post-4587","page","type-page","status-publish","hentry"],"_links":{"self":[{"href":"https:\/\/safundacio.es\/es\/wp-json\/wp\/v2\/pages\/4587"}],"collection":[{"href":"https:\/\/safundacio.es\/es\/wp-json\/wp\/v2\/pages"}],"about":[{"href":"https:\/\/safundacio.es\/es\/wp-json\/wp\/v2\/types\/page"}],"author":[{"embeddable":true,"href":"https:\/\/safundacio.es\/es\/wp-json\/wp\/v2\/users\/8"}],"replies":[{"embeddable":true,"href":"https:\/\/safundacio.es\/es\/wp-json\/wp\/v2\/comments?post=4587"}],"version-history":[{"count":2,"href":"https:\/\/safundacio.es\/es\/wp-json\/wp\/v2\/pages\/4587\/revisions"}],"predecessor-version":[{"id":4611,"href":"https:\/\/safundacio.es\/es\/wp-json\/wp\/v2\/pages\/4587\/revisions\/4611"}],"wp:attachment":[{"href":"https:\/\/safundacio.es\/es\/wp-json\/wp\/v2\/media?parent=4587"}],"curies":[{"name":"wp","href":"https:\/\/api.w.org\/{rel}","templated":true}]}}