{"id":1513,"date":"2018-02-08T15:09:29","date_gmt":"2018-02-08T14:09:29","guid":{"rendered":"http:\/\/safundacio.es\/?page_id=1513"},"modified":"2021-11-09T14:07:53","modified_gmt":"2021-11-09T13:07:53","slug":"cursos","status":"publish","type":"page","link":"https:\/\/safundacio.es\/es\/cursos\/","title":{"rendered":"Cursos"},"content":{"rendered":"<p>[vc_row full_width=&#8221;stretch_row_content_no_spaces&#8221; equal_height=&#8221;yes&#8221; parallax=&#8221;content-moving&#8221; parallax_image=&#8221;1416&#8243;][vc_column][vc_column_text css=&#8221;.vc_custom_1518100306122{padding-top: 150px !important;padding-bottom: 150px !important;}&#8221;]<\/p>\n<p style=\"text-align: center;\"><span style=\"color: #ffffff;\"><span style=\"font-size: 36pt;\">CURSOS\u00a0<\/span><span style=\"font-size: 36pt;\">DE<\/span><span style=\"font-size: 36pt;\"> SA FUNDACI\u00d3<\/span><\/span><\/p>\n<p>[\/vc_column_text][\/vc_column][\/vc_row][vc_row full_width=&#8221;stretch_row_content_no_spaces&#8221;][vc_column offset=&#8221;vc_hidden-sm vc_hidden-xs&#8221;][vc_empty_space height=&#8221;75px&#8221;][\/vc_column][\/vc_row][vc_row][vc_column offset=&#8221;vc_hidden-lg vc_hidden-md&#8221;][vc_empty_space height=&#8221;35px&#8221;][\/vc_column][\/vc_row][vc_row css=&#8221;.vc_custom_1518101505253{margin-bottom: 75px !important;}&#8221;][vc_column width=&#8221;1\/4&#8243;][\/vc_column][vc_column width=&#8221;1\/2&#8243;][vc_column_text el_class=&#8221;cursos&#8221;]<\/p>\n<h1 style=\"text-align: right;\"><strong>Cursos de Sa Fundaci\u00f3\u00a0<\/strong><br \/>\n<strong>2021-2022<\/strong><\/h1>\n<hr \/>\n<h1><img loading=\"lazy\" decoding=\"async\" class=\" wp-image-3431 aligncenter\" src=\"https:\/\/safundacio.es\/wp-content\/uploads\/2018\/03\/Estodiants-2-300x225.jpg\" alt=\"\" width=\"355\" height=\"266\" srcset=\"https:\/\/safundacio.es\/wp-content\/uploads\/2018\/03\/Estodiants-2-300x225.jpg 300w, https:\/\/safundacio.es\/wp-content\/uploads\/2018\/03\/Estodiants-2-768x576.jpg 768w, https:\/\/safundacio.es\/wp-content\/uploads\/2018\/03\/Estodiants-2-1024x768.jpg 1024w, https:\/\/safundacio.es\/wp-content\/uploads\/2018\/03\/Estodiants-2-24x18.jpg 24w, https:\/\/safundacio.es\/wp-content\/uploads\/2018\/03\/Estodiants-2-36x27.jpg 36w, https:\/\/safundacio.es\/wp-content\/uploads\/2018\/03\/Estodiants-2-48x36.jpg 48w, https:\/\/safundacio.es\/wp-content\/uploads\/2018\/03\/Estodiants-2.jpg 1200w\" sizes=\"(max-width: 355px) 100vw, 355px\" \/><\/h1>\n<div>\n<div class=\"gmail_quote\">\n<div dir=\"ltr\">\n<div class=\"gmail_quote\">\n<div dir=\"ltr\">\n<p><strong>CURSOS ONLINE DE MALLORQU\u00cdN, MENORQU\u00cdN E IBICENCO 2021\/2022<\/strong><\/p>\n<p>\u00bfHablas balear y quieres aprender a escribir correctamente en mallorqu\u00edn, menorqu\u00edn o ibicenco? \u00bfO hablas espa\u00f1ol y te gustar\u00eda aprender a hablar en mallorqu\u00edn, menorqu\u00edn o ibicenco?\u00a0<em>Id\u00f2<\/em>\u2026. \u00a1Bienvenido a los cursos de Sa Fundaci\u00f3!<\/p>\n<p><strong>CURSOS, NIVELES Y HORARIOS<\/strong><\/p>\n<p><strong>NIVEL A<\/strong><\/p>\n<p>Nivel b\u00e1sico para personas que no saben nada de balear, ni oral ni escrito. Si hablas o entiendes espa\u00f1ol y quieres aprender a hablar mallorqu\u00edn, menorqu\u00edn o ibicenco; \u00e9ste es tu curso.<\/p>\n<p><strong>\u00a1ATENCI\u00d3N! LAS CLASES DE MALLORQU\u00cdN EMPEZAR\u00c1N EL LUNES 15 DE NOVIEMBRE\u00a0&#x1f447;<\/strong><br \/>\nClases de mallorqu\u00edn: LUNES de 19:00 a 20:00h<\/p>\n<p>Clases de menorqu\u00edn: mi\u00e9rcoles de 19:00 a 20:00h<\/p>\n<p>Clases de ibicenco: mi\u00e9rcoles de 20:00 a 21:00h<\/p>\n<p><strong>NIVEL B1<\/strong><\/p>\n<p>Nivel de iniciaci\u00f3n a la escritura para personas que hablan mallorqu\u00edn, menorqu\u00edn o ibicenco\u00a0pero no lo saben escribir. Tambi\u00e9n para personas con nociones b\u00e1sicas de catal\u00e1n o valenciano pero que quieren aprender a hablar y escribir en balear.<\/p>\n<p><strong>\u00a1ATENCI\u00d3N! LAS CLASES DE MALLORQU\u00cdN EMPEZAR\u00c1N EL LUNES 15 DE NOVIEMBRE\u00a0&#x1f447;<\/strong><br \/>\nClases de mallorqu\u00edn: LUNES de 20:00 a 21:00h<\/p>\n<p>Clases de menorqu\u00edn: mi\u00e9rcoles de 20:00 a 21:00h<\/p>\n<p>Clases de ibicenco: jueves de 20:00 a 21:00h<\/p>\n<p><strong>NIVEL C2<\/strong><\/p>\n<p>Nivel avanzado para personas con conocimientos de catal\u00e1n o valenciano pero con dudas acerca de su escritura o habla correcta y que quieren\u00a0perfeccionar su mallorqu\u00edn, menorqu\u00edn o ibicenco.<\/p>\n<p>Clases de balear avanzado: jueves de 20:00 a 21:00h<\/p>\n<p><strong>CALENDARIO LECTIVO<\/strong><\/p>\n<p>El curso entero es de tres trimestres:<\/p>\n<p>1r trimestre &#8211; 13 de octubre a 15 de diciembre de 2021<\/p>\n<p>2\u00ba trimestre &#8211; 12 de enero a 6 de abril de 2022<\/p>\n<p>3r trimestre &#8211; 27 de abril a 22 de junio de 2022<\/p>\n<p>Menorqu\u00edn: empieza el mi\u00e9rcoles 13 de octubre de 2021<\/p>\n<p>Mallorqu\u00edn:\u00a0<strong>empieza el lunes 15 de noviembre de 2021<\/strong><\/p>\n<p>Ibicenco: se informar\u00e1 pr\u00f3ximamente en este mismo apartado web<\/p>\n<p><strong>INFORMACI\u00d3N GENERAL<\/strong><\/p>\n<p>Todos los cursos ser\u00e1n de una hora semanal de clase por videoconferencia a trav\u00e9s de\u00a0<span style=\"color: #222222;\"><a href=\"http:\/\/jitsi.org\/\" target=\"_blank\" rel=\"noopener\" data-saferedirecturl=\"https:\/\/www.google.com\/url?q=http:\/\/jitsi.org&amp;source=gmail&amp;ust=1632167744964000&amp;usg=AFQjCNE1_hF2VfbgKs86gt-oGa0wYVQp_g\">jitsi.org<\/a><\/span>.<\/p>\n<p>Es\u00a0<b>imprescindible<\/b>\u00a0disponer de un dispositivo (m\u00f3vil, tablet u ordenador) para conectarse a las clases. Los alumnos deber\u00e1n tener conocimientos de inform\u00e1tica a nivel\u00a0de usuario.<\/p>\n<p>Todas las sesiones se grabar\u00e1n y se subir\u00e1n posteriormente en Google Classroom para aquellos alumnos que no puedan asistir en directo.<\/p>\n<p>La matriculaci\u00f3n supone la aceptaci\u00f3n de la grabaci\u00f3n de las sesiones lectivas.<\/p>\n<p><strong>MATR\u00cdCULA<\/strong><br \/>\n120\u20ac para socios de Sa Fundaci\u00f3<br \/>\n225\u20ac no socios<\/p>\n<p>Se abonar\u00e1 el curso al completo con pago \u00fanico<\/p>\n<p><a href=\"https:\/\/safundacio.es\/matricula-online\/\" target=\"_blank\" rel=\"noopener\"><b>Matric\u00falate aqu\u00ed.<\/b><\/a><\/p>\n<p>&#x1f4de; \u00bfXerram? \u00bfHablamos?<br \/>\n616 624 355 \/\u00a0971 666 468<span style=\"font-size: 1rem;\"><br \/>\n<\/span><\/p>\n<p>&#x1f4e9; socis@safundacio.es<br \/>\n<strong style=\"text-align: center; font-size: 1rem;\"><em><span class=\"_5mfr\"><span class=\"_6qdm\"><br \/>\n<\/span><\/span><\/em><\/strong><\/p>\n<p style=\"text-align: center;\"><strong><em><span class=\"_5mfr\"><span class=\"_6qdm\"><img decoding=\"async\" class=\"emoji aligncenter\" draggable=\"false\" src=\"https:\/\/s.w.org\/images\/core\/emoji\/11\/svg\/1f4e2.svg\" alt=\"&#x1f4e2;\" \/>\u00a0<\/span><\/span><a href=\"https:\/\/safundacio.es\/col-labora\/fer-se-soci\/\" data-slimstat=\"5\">Sa Fundaci\u00f3 es una entidad sin \u00e1nimo de lucro creada a finales de 2013 para defender y dignificar el mallorqu\u00edn, menorqu\u00edn e ibicenco<\/a>.<br \/>\n<\/em><em><a href=\"https:\/\/safundacio.es\/col-labora\/fer-se-soci\/\" data-slimstat=\"5\">\u00bfNos ayudas a defender nuestra lengua y cultura balear?<\/a><\/em><\/strong><\/p>\n<p style=\"text-align: center;\">Las donaciones a Sa Fundaci\u00f3 tienen una deducci\u00f3n fiscal del 75% en los primeros 150\u20ac. Si te haces socio donando 10\u20ac mensuales, realmente no te costar\u00e1 ni 2\u20ac!<\/p>\n<p style=\"text-align: center;\"><img decoding=\"async\" class=\"emoji\" draggable=\"false\" src=\"https:\/\/s.w.org\/images\/core\/emoji\/11\/svg\/2705.svg\" alt=\"&#x2705;\" \/><em> Hazte socio de Sa Fundaci\u00f3 clicando\u00a0<a href=\"https:\/\/safundacio.es\/col-labora\/fer-se-soci\/\" data-slimstat=\"5\">aqu\u00ed<\/a><br \/>\n<img decoding=\"async\" class=\"emoji\" draggable=\"false\" src=\"https:\/\/s.w.org\/images\/core\/emoji\/11\/svg\/1f449-1f3fb.svg\" alt=\"&#x1f449;&#x1f3fb;\" \/>\u00a0<a href=\"https:\/\/safundacio.es\/col-labora\/fer-se-soci\/\" data-slimstat=\"5\">https:\/\/safundacio.es\/col-labora\/fer-se-soci\/<\/a><\/em><\/p>\n<\/div>\n<\/div>\n<\/div>\n<\/div>\n<\/div>\n<div>\n<div class=\"gmail_quote\">\n<div dir=\"ltr\">\n<div class=\"gmail_quote\">\n<div dir=\"ltr\">\n<div>\n<div style=\"text-align: center;\"><strong><a href=\"https:\/\/safundacio.es\/matricula-online\/\">Matric\u00falate aqu\u00ed.<\/a><\/strong><\/div>\n<\/div>\n<\/div>\n<\/div>\n<\/div>\n<\/div>\n<\/div>\n<p>[\/vc_column_text][\/vc_column][vc_column width=&#8221;1\/4&#8243;][\/vc_column][\/vc_row][vc_row][vc_column width=&#8221;1\/4&#8243;][\/vc_column][vc_column width=&#8221;1\/2&#8243;][vc_row_inner][vc_column_inner width=&#8221;1\/3&#8243;][\/vc_column_inner][vc_column_inner width=&#8221;1\/3&#8243; css=&#8221;.vc_custom_1518099907802{background-color: #865f47 !important;}&#8221;][vc_column_text css=&#8221;.vc_custom_1602659697847{padding-top: 100px !important;padding-bottom: 100px !important;}&#8221;]<a href=\"http:\/\/cursos.safundacio.es\/\"><img loading=\"lazy\" decoding=\"async\" class=\"aligncenter wp-image-335 size-full\" src=\"http:\/\/safundacio.es\/wp-content\/uploads\/2018\/01\/malorki.png\" alt=\"\" width=\"74\" height=\"60\" srcset=\"https:\/\/safundacio.es\/wp-content\/uploads\/2018\/01\/malorki.png 74w, https:\/\/safundacio.es\/wp-content\/uploads\/2018\/01\/malorki-24x19.png 24w, https:\/\/safundacio.es\/wp-content\/uploads\/2018\/01\/malorki-36x29.png 36w, https:\/\/safundacio.es\/wp-content\/uploads\/2018\/01\/malorki-48x39.png 48w\" sizes=\"(max-width: 74px) 100vw, 74px\" \/><\/a><\/p>\n<p style=\"text-align: center;\"><span style=\"color: #ffffff;\"><a style=\"color: #ffffff;\" href=\"https:\/\/safundacio.es\/matricula-online\/\">Matr\u00edc\u00falate aqu\u00ed<\/a><\/span><\/p>\n<p>[\/vc_column_text][\/vc_column_inner][vc_column_inner width=&#8221;1\/3&#8243;][\/vc_column_inner][\/vc_row_inner][\/vc_column][vc_column width=&#8221;1\/4&#8243;][\/vc_column][\/vc_row]<\/p>","protected":false},"excerpt":{"rendered":"<p>[vc_row full_width=&#8221;stretch_row_content_no_spaces&#8221; equal_height=&#8221;yes&#8221; parallax=&#8221;content-moving&#8221; parallax_image=&#8221;1416&#8243;][vc_column][vc_column_text css=&#8221;.vc_custom_1518100306122{padding-top: 150px !important;padding-bottom: 150px !important;}&#8221;] CURSOS\u00a0DE SA FUNDACI\u00d3 [\/vc_column_text][\/vc_column][\/vc_row][vc_row full_width=&#8221;stretch_row_content_no_spaces&#8221;][vc_column offset=&#8221;vc_hidden-sm vc_hidden-xs&#8221;][vc_empty_space height=&#8221;75px&#8221;][\/vc_column][\/vc_row][vc_row][vc_column offset=&#8221;vc_hidden-lg vc_hidden-md&#8221;][vc_empty_space height=&#8221;35px&#8221;][\/vc_column][\/vc_row][vc_row css=&#8221;.vc_custom_1518101505253{margin-bottom: 75px !important;}&#8221;][vc_column width=&#8221;1\/4&#8243;][\/vc_column][vc_column width=&#8221;1\/2&#8243;][vc_column_text el_class=&#8221;cursos&#8221;] Cursos de Sa Fundaci\u00f3\u00a0 2021-2022 CURSOS ONLINE DE MALLORQU\u00cdN, MENORQU\u00cdN E IBICENCO 2021\/2022 \u00bfHablas balear y quieres aprender a escribir correctamente en mallorqu\u00edn, menorqu\u00edn o ibicenco? \u00bfO hablas &hellip; <\/p>\n<p class=\"link-more\"><a href=\"https:\/\/safundacio.es\/es\/cursos\/\" class=\"more-link\">Continue reading<span class=\"screen-reader-text\"> &#8220;Cursos&#8221;<\/span><\/a><\/p>\n","protected":false},"author":1,"featured_media":3431,"parent":0,"menu_order":0,"comment_status":"closed","ping_status":"closed","template":"","meta":{"footnotes":""},"class_list":["post-1513","page","type-page","status-publish","has-post-thumbnail","hentry"],"_links":{"self":[{"href":"https:\/\/safundacio.es\/es\/wp-json\/wp\/v2\/pages\/1513"}],"collection":[{"href":"https:\/\/safundacio.es\/es\/wp-json\/wp\/v2\/pages"}],"about":[{"href":"https:\/\/safundacio.es\/es\/wp-json\/wp\/v2\/types\/page"}],"author":[{"embeddable":true,"href":"https:\/\/safundacio.es\/es\/wp-json\/wp\/v2\/users\/1"}],"replies":[{"embeddable":true,"href":"https:\/\/safundacio.es\/es\/wp-json\/wp\/v2\/comments?post=1513"}],"version-history":[{"count":44,"href":"https:\/\/safundacio.es\/es\/wp-json\/wp\/v2\/pages\/1513\/revisions"}],"predecessor-version":[{"id":4825,"href":"https:\/\/safundacio.es\/es\/wp-json\/wp\/v2\/pages\/1513\/revisions\/4825"}],"wp:featuredmedia":[{"embeddable":true,"href":"https:\/\/safundacio.es\/es\/wp-json\/wp\/v2\/media\/3431"}],"wp:attachment":[{"href":"https:\/\/safundacio.es\/es\/wp-json\/wp\/v2\/media?parent=1513"}],"curies":[{"name":"wp","href":"https:\/\/api.w.org\/{rel}","templated":true}]}}